{"id":535,"date":"2022-06-07T13:10:38","date_gmt":"2022-06-07T11:10:38","guid":{"rendered":"http:\/\/jpfcourtage.com\/?page_id=535"},"modified":"2022-06-28T13:57:03","modified_gmt":"2022-06-28T11:57:03","slug":"assurance-emprunteur","status":"publish","type":"page","link":"https:\/\/www.jpfcourtage.com\/?page_id=535","title":{"rendered":"Assurance emprunteur"},"content":{"rendered":"\n<div class=\"wp-block-columns is-layout-flex wp-container-core-columns-is-layout-9d6595d7 wp-block-columns-is-layout-flex\">\n<div class=\"wp-block-column is-layout-flow wp-block-column-is-layout-flow\" style=\"flex-basis:33.33%\">\n<figure class=\"wp-block-image size-full offer-page-image\"><img loading=\"lazy\" decoding=\"async\" width=\"773\" height=\"452\" src=\"https:\/\/www.jpfcourtage.com\/wp-content\/uploads\/2022\/06\/iStock-855266008_Petit.jpg\" alt=\"\" class=\"wp-image-1144\" title=\"Assurance emprunteur\" srcset=\"https:\/\/www.jpfcourtage.com\/wp-content\/uploads\/2022\/06\/iStock-855266008_Petit.jpg 773w, https:\/\/www.jpfcourtage.com\/wp-content\/uploads\/2022\/06\/iStock-855266008_Petit-300x175.jpg 300w, https:\/\/www.jpfcourtage.com\/wp-content\/uploads\/2022\/06\/iStock-855266008_Petit-768x449.jpg 768w\" sizes=\"auto, (max-width: 773px) 100vw, 773px\" \/><figcaption> <\/figcaption><\/figure>\n<\/div>\n\n\n\n<div class=\"wp-block-column is-layout-flow wp-block-column-is-layout-flow\" style=\"flex-basis:66.66%\">\n<p>Indissociable des cr\u00e9dits immobiliers, l\u2019assurance emprunteur offre une s\u00e9curit\u00e9. Elle couvre les risques de remboursement en cas de d\u00e9c\u00e8s, incapacit\u00e9 ou invalidit\u00e9 de l\u2019emprunteur.&nbsp;<\/p>\n\n\n\n<p>Nous vous accompagnons dans le choix de votre assurance dans le cadre d\u2019un achat ou dans la ren\u00e9gociation de votre pr\u00eat.<\/p>\n<\/div>\n<\/div>\n\n\n\n<div class=\"wp-block-cover alignfull offer-page-links\" style=\"min-height:205px;aspect-ratio:unset;\"><span aria-hidden=\"true\" class=\"has-nv-text-dark-bg-background-color has-background-dim-100 wp-block-cover__gradient-background has-background-dim\"><\/span><div class=\"wp-block-cover__inner-container is-layout-flow wp-block-cover-is-layout-flow\">\n<ul class=\"wp-block-list\"><li><a href=\"https:\/\/www.jpfcourtage.com\/?page_id=529\" title=\"Pr\u00e9voyance\">Pr\u00e9voyance<\/a><\/li><li><a href=\"https:\/\/www.jpfcourtage.com\/?page_id=531\" title=\"Retraite\">Retraite<\/a><\/li><li><a href=\"https:\/\/www.jpfcourtage.com\/?page_id=533\" title=\"Compl\u00e9mentaire sant\u00e9\">Compl\u00e9mentaire sant\u00e9<\/a><\/li><li><a href=\"https:\/\/www.jpfcourtage.com\/?page_id=537\" title=\"Assurance vie\">Assurance vie<\/a><\/li><\/ul>\n<\/div><\/div>\n\n\n\n<div class=\"wp-block-query is-layout-flow wp-block-query-is-layout-flow\"><ul class=\"is-flex-container columns-3 news-block wp-block-post-template is-layout-flow wp-block-post-template-is-layout-flow\"><li class=\"wp-block-post post-1214 post type-post status-publish format-standard hentry category-assurance-emprunteur category-non-classe\">\n<h6 class=\"wp-block-post-title has-text-color has-neve-link-hover-color-color\"><a href=\"https:\/\/www.previssima.fr\/question-pratique\/assurance-emprunteur-puis-je-beneficier-du-droit-a-loubli.html\" target=\"_self\" >Assurance emprunteur\u202f: Puis-je b\u00e9n\u00e9ficier du droit \u00e0 l\u2019oubli\u202f?<\/a><\/h6>\n\n<div class=\"wp-block-post-date\"><time datetime=\"2022-06-28T14:17:23+02:00\">28 juin 2022<\/time><\/div>\n<\/li><\/ul><\/div>\n","protected":false},"excerpt":{"rendered":"<p>Indissociable des cr\u00e9dits immobiliers, l\u2019assurance emprunteur offre une s\u00e9curit\u00e9. Elle couvre les risques de remboursement en cas de d\u00e9c\u00e8s, incapacit\u00e9 ou invalidit\u00e9 de l\u2019emprunteur.&nbsp; Nous vous accompagnons dans le choix de votre assurance dans le cadre d\u2019un achat ou dans la ren\u00e9gociation de votre pr\u00eat.<\/p>\n","protected":false},"author":1,"featured_media":0,"parent":0,"menu_order":0,"comment_status":"closed","ping_status":"closed","template":"","meta":{"neve_meta_sidebar":"","neve_meta_container":"","neve_meta_enable_content_width":"","neve_meta_content_width":0,"neve_meta_title_alignment":"","neve_meta_author_avatar":"","neve_post_elements_order":"","neve_meta_disable_header":"","neve_meta_disable_footer":"","neve_meta_disable_title":"","footnotes":"","_links_to":"","_links_to_target":""},"class_list":["post-535","page","type-page","status-publish","hentry"],"aioseo_notices":[],"_links":{"self":[{"href":"https:\/\/www.jpfcourtage.com\/index.php?rest_route=\/wp\/v2\/pages\/535","targetHints":{"allow":["GET"]}}],"collection":[{"href":"https:\/\/www.jpfcourtage.com\/index.php?rest_route=\/wp\/v2\/pages"}],"about":[{"href":"https:\/\/www.jpfcourtage.com\/index.php?rest_route=\/wp\/v2\/types\/page"}],"author":[{"embeddable":true,"href":"https:\/\/www.jpfcourtage.com\/index.php?rest_route=\/wp\/v2\/users\/1"}],"replies":[{"embeddable":true,"href":"https:\/\/www.jpfcourtage.com\/index.php?rest_route=%2Fwp%2Fv2%2Fcomments&post=535"}],"version-history":[{"count":33,"href":"https:\/\/www.jpfcourtage.com\/index.php?rest_route=\/wp\/v2\/pages\/535\/revisions"}],"predecessor-version":[{"id":1213,"href":"https:\/\/www.jpfcourtage.com\/index.php?rest_route=\/wp\/v2\/pages\/535\/revisions\/1213"}],"wp:attachment":[{"href":"https:\/\/www.jpfcourtage.com\/index.php?rest_route=%2Fwp%2Fv2%2Fmedia&parent=535"}],"curies":[{"name":"wp","href":"https:\/\/api.w.org\/{rel}","templated":true}]}}