{"id":533,"date":"2022-06-07T13:08:37","date_gmt":"2022-06-07T11:08:37","guid":{"rendered":"http:\/\/jpfcourtage.com\/?page_id=533"},"modified":"2022-06-23T10:24:36","modified_gmt":"2022-06-23T08:24:36","slug":"mutuelle","status":"publish","type":"page","link":"https:\/\/www.jpfcourtage.com\/?page_id=533","title":{"rendered":"Compl\u00e9mentaire sant\u00e9"},"content":{"rendered":"\n<div class=\"wp-block-columns is-layout-flex wp-container-core-columns-is-layout-9d6595d7 wp-block-columns-is-layout-flex\">\n<div class=\"wp-block-column is-layout-flow wp-block-column-is-layout-flow\" style=\"flex-basis:33.33%\">\n<figure class=\"wp-block-image size-full offer-page-image\"><img loading=\"lazy\" decoding=\"async\" width=\"720\" height=\"480\" src=\"https:\/\/www.jpfcourtage.com\/wp-content\/uploads\/2022\/06\/iStock-1208379279_Petit.jpg\" alt=\"\" class=\"wp-image-1148\" title=\"Compl\u00e9mentaire sant\u00e9\" srcset=\"https:\/\/www.jpfcourtage.com\/wp-content\/uploads\/2022\/06\/iStock-1208379279_Petit.jpg 720w, https:\/\/www.jpfcourtage.com\/wp-content\/uploads\/2022\/06\/iStock-1208379279_Petit-300x200.jpg 300w\" sizes=\"auto, (max-width: 720px) 100vw, 720px\" \/><\/figure>\n<\/div>\n\n\n\n<div class=\"wp-block-column is-layout-flow wp-block-column-is-layout-flow\" style=\"flex-basis:66.66%\">\n<p>Pour compl\u00e9ter les faibles prestations de l\u2019assurance maladie, nous vous proposons une compl\u00e9mentaire sant\u00e9 modulable, personnalisable, adapt\u00e9e \u00e0 votre situation familiale et \u00e0 votre budget.<\/p>\n<\/div>\n<\/div>\n\n\n\n<div class=\"wp-block-cover alignfull offer-page-links\" style=\"min-height:117px;aspect-ratio:unset;\"><span aria-hidden=\"true\" class=\"has-nv-text-dark-bg-background-color has-background-dim-100 wp-block-cover__gradient-background has-background-dim\"><\/span><div class=\"wp-block-cover__inner-container is-layout-flow wp-block-cover-is-layout-flow\">\n<ul class=\"wp-block-list\"><li><a href=\"https:\/\/www.jpfcourtage.com\/?page_id=529\" title=\"Pr\u00e9voyance\">Pr\u00e9voyance<\/a><\/li><li><a href=\"https:\/\/www.jpfcourtage.com\/?page_id=531\" title=\"Retraite\">Retraite<\/a><\/li><li><a href=\"https:\/\/www.jpfcourtage.com\/?page_id=535\" title=\"Assurance emprunteur\">Assurance emprunteur<\/a><\/li><li><a href=\"https:\/\/www.jpfcourtage.com\/?page_id=537\" title=\"Assurance vie\">Assurance vie<\/a><\/li><\/ul>\n<\/div><\/div>\n\n\n\n<div class=\"wp-block-query is-layout-flow wp-block-query-is-layout-flow\"><\/div>\n","protected":false},"excerpt":{"rendered":"<p>Pour compl\u00e9ter les faibles prestations de l\u2019assurance maladie, nous vous proposons une compl\u00e9mentaire sant\u00e9 modulable, personnalisable, adapt\u00e9e \u00e0 votre situation familiale et \u00e0 votre budget.<\/p>\n","protected":false},"author":1,"featured_media":0,"parent":0,"menu_order":0,"comment_status":"closed","ping_status":"closed","template":"","meta":{"neve_meta_sidebar":"","neve_meta_container":"","neve_meta_enable_content_width":"","neve_meta_content_width":0,"neve_meta_title_alignment":"","neve_meta_author_avatar":"","neve_post_elements_order":"","neve_meta_disable_header":"","neve_meta_disable_footer":"","neve_meta_disable_title":"","footnotes":"","_links_to":"","_links_to_target":""},"class_list":["post-533","page","type-page","status-publish","hentry"],"aioseo_notices":[],"_links":{"self":[{"href":"https:\/\/www.jpfcourtage.com\/index.php?rest_route=\/wp\/v2\/pages\/533","targetHints":{"allow":["GET"]}}],"collection":[{"href":"https:\/\/www.jpfcourtage.com\/index.php?rest_route=\/wp\/v2\/pages"}],"about":[{"href":"https:\/\/www.jpfcourtage.com\/index.php?rest_route=\/wp\/v2\/types\/page"}],"author":[{"embeddable":true,"href":"https:\/\/www.jpfcourtage.com\/index.php?rest_route=\/wp\/v2\/users\/1"}],"replies":[{"embeddable":true,"href":"https:\/\/www.jpfcourtage.com\/index.php?rest_route=%2Fwp%2Fv2%2Fcomments&post=533"}],"version-history":[{"count":13,"href":"https:\/\/www.jpfcourtage.com\/index.php?rest_route=\/wp\/v2\/pages\/533\/revisions"}],"predecessor-version":[{"id":1205,"href":"https:\/\/www.jpfcourtage.com\/index.php?rest_route=\/wp\/v2\/pages\/533\/revisions\/1205"}],"wp:attachment":[{"href":"https:\/\/www.jpfcourtage.com\/index.php?rest_route=%2Fwp%2Fv2%2Fmedia&parent=533"}],"curies":[{"name":"wp","href":"https:\/\/api.w.org\/{rel}","templated":true}]}}