{"id":531,"date":"2022-06-07T13:07:39","date_gmt":"2022-06-07T11:07:39","guid":{"rendered":"http:\/\/jpfcourtage.com\/?page_id=531"},"modified":"2022-06-23T10:23:38","modified_gmt":"2022-06-23T08:23:38","slug":"retraite","status":"publish","type":"page","link":"https:\/\/www.jpfcourtage.com\/?page_id=531","title":{"rendered":"Retraite"},"content":{"rendered":"\n<div class=\"wp-block-columns is-layout-flex wp-container-core-columns-is-layout-9d6595d7 wp-block-columns-is-layout-flex\">\n<div class=\"wp-block-column is-layout-flow wp-block-column-is-layout-flow\" style=\"flex-basis:33.33%\">\n<figure class=\"wp-block-image size-full offer-page-image\"><img loading=\"lazy\" decoding=\"async\" width=\"737\" height=\"474\" src=\"https:\/\/www.jpfcourtage.com\/wp-content\/uploads\/2022\/06\/iStock-1193925442_Petit.jpg\" alt=\"\" class=\"wp-image-1152\" title=\"Retraite\" srcset=\"https:\/\/www.jpfcourtage.com\/wp-content\/uploads\/2022\/06\/iStock-1193925442_Petit.jpg 737w, https:\/\/www.jpfcourtage.com\/wp-content\/uploads\/2022\/06\/iStock-1193925442_Petit-300x193.jpg 300w\" sizes=\"auto, (max-width: 737px) 100vw, 737px\" \/><\/figure>\n<\/div>\n\n\n\n<div class=\"wp-block-column is-layout-flow wp-block-column-is-layout-flow\" style=\"flex-basis:66.66%\">\n<p>Pour vous assurer le maintien de votre niveau de vie \u00e0 la retraite, nous vous proposons le Plan d\u2019Epargne Retraite Individuel (PER).<\/p>\n\n\n\n<p>Nous vous accompagnons dans le choix de celui-ci apr\u00e8s une \u00e9tude approfondie de votre situation.<\/p>\n\n\n\n<p>Comment \u00e7a fonctionne?<\/p>\n\n\n\n<ul class=\"wp-block-list\"><li>Vous cotisez de fa\u00e7on p\u00e9riodique (mensuelle, trimestrielle, semestrielle ou annuelle).<\/li><\/ul>\n\n\n\n<ul class=\"wp-block-list\"><li>Vos versements sont d\u00e9ductibles de votre revenu imposable ou de votre imp\u00f4t soci\u00e9t\u00e9 si vous \u00eates g\u00e9rant majoritaire.<\/li><\/ul>\n\n\n\n<ul class=\"wp-block-list\"><li>Lors de la liquidation de vos droits \u00e0 la retraite, vous percevez votre \u00e9pargne sous forme de capital ou de rente viag\u00e8re.<\/li><\/ul>\n<\/div>\n<\/div>\n\n\n\n<div class=\"wp-block-cover alignfull offer-page-links\" style=\"min-height:189px;aspect-ratio:unset;\"><span aria-hidden=\"true\" class=\"has-nv-text-dark-bg-background-color has-background-dim-100 wp-block-cover__gradient-background has-background-dim\"><\/span><div class=\"wp-block-cover__inner-container is-layout-flow wp-block-cover-is-layout-flow\">\n<ul class=\"wp-block-list\"><li><a href=\"https:\/\/www.jpfcourtage.com\/?page_id=529\" title=\"Pr\u00e9voyance\">Pr\u00e9voyance<\/a><\/li><li><a href=\"https:\/\/www.jpfcourtage.com\/?page_id=533\" title=\"Compl\u00e9mentaire sant\u00e9\">Compl\u00e9mentaire sant\u00e9<\/a><\/li><li><a href=\"https:\/\/www.jpfcourtage.com\/?page_id=537\" title=\"Assurance vie\">Assurance vie<\/a><\/li><li><a href=\"https:\/\/www.jpfcourtage.com\/?page_id=535\" title=\"Assurance emprunteur\">Assurance emprunteur<\/a><\/li><\/ul>\n<\/div><\/div>\n\n\n\n<div class=\"wp-block-query is-layout-flow wp-block-query-is-layout-flow\"><ul class=\"is-flex-container columns-3 news-block wp-block-post-template is-layout-flow wp-block-post-template-is-layout-flow\"><li class=\"wp-block-post post-1224 post type-post status-publish format-standard hentry category-non-classe category-retraite\">\n<h6 class=\"wp-block-post-title\"><a href=\"https:\/\/www.previssima.fr\/actualite\/les-plans-epargne-retraite-per-confirment-leur-succes-drees.html\" target=\"_self\" >Les plans \u00e9pargne retraite confirment leur succ\u00e8s (\u00e9tude Drees)<\/a><\/h6>\n\n<div class=\"wp-block-post-date\"><time datetime=\"2023-02-15T09:12:35+01:00\">15 f\u00e9vrier 2023<\/time><\/div>\n<\/li><\/ul><\/div>\n","protected":false},"excerpt":{"rendered":"<p>Pour vous assurer le maintien de votre niveau de vie \u00e0 la retraite, nous vous proposons le Plan d\u2019Epargne Retraite Individuel (PER). Nous vous accompagnons dans le choix de celui-ci apr\u00e8s une \u00e9tude approfondie de votre situation. Comment \u00e7a fonctionne? Vous cotisez de fa\u00e7on p\u00e9riodique (mensuelle, trimestrielle, semestrielle ou annuelle). Vos versements sont d\u00e9ductibles de&hellip;&nbsp;<a href=\"https:\/\/www.jpfcourtage.com\/?page_id=531\" class=\"\" rel=\"bookmark\">Lire la suite &raquo;<span class=\"screen-reader-text\">Retraite<\/span><\/a><\/p>\n","protected":false},"author":1,"featured_media":0,"parent":0,"menu_order":0,"comment_status":"closed","ping_status":"closed","template":"","meta":{"neve_meta_sidebar":"","neve_meta_container":"","neve_meta_enable_content_width":"","neve_meta_content_width":0,"neve_meta_title_alignment":"","neve_meta_author_avatar":"","neve_post_elements_order":"","neve_meta_disable_header":"","neve_meta_disable_footer":"","neve_meta_disable_title":"","footnotes":"","_links_to":"","_links_to_target":""},"class_list":["post-531","page","type-page","status-publish","hentry"],"aioseo_notices":[],"_links":{"self":[{"href":"https:\/\/www.jpfcourtage.com\/index.php?rest_route=\/wp\/v2\/pages\/531","targetHints":{"allow":["GET"]}}],"collection":[{"href":"https:\/\/www.jpfcourtage.com\/index.php?rest_route=\/wp\/v2\/pages"}],"about":[{"href":"https:\/\/www.jpfcourtage.com\/index.php?rest_route=\/wp\/v2\/types\/page"}],"author":[{"embeddable":true,"href":"https:\/\/www.jpfcourtage.com\/index.php?rest_route=\/wp\/v2\/users\/1"}],"replies":[{"embeddable":true,"href":"https:\/\/www.jpfcourtage.com\/index.php?rest_route=%2Fwp%2Fv2%2Fcomments&post=531"}],"version-history":[{"count":18,"href":"https:\/\/www.jpfcourtage.com\/index.php?rest_route=\/wp\/v2\/pages\/531\/revisions"}],"predecessor-version":[{"id":1204,"href":"https:\/\/www.jpfcourtage.com\/index.php?rest_route=\/wp\/v2\/pages\/531\/revisions\/1204"}],"wp:attachment":[{"href":"https:\/\/www.jpfcourtage.com\/index.php?rest_route=%2Fwp%2Fv2%2Fmedia&parent=531"}],"curies":[{"name":"wp","href":"https:\/\/api.w.org\/{rel}","templated":true}]}}