{"id":529,"date":"2022-06-07T13:06:41","date_gmt":"2022-06-07T11:06:41","guid":{"rendered":"http:\/\/jpfcourtage.com\/?page_id=529"},"modified":"2022-06-23T10:15:08","modified_gmt":"2022-06-23T08:15:08","slug":"prevoyance","status":"publish","type":"page","link":"https:\/\/www.jpfcourtage.com\/?page_id=529","title":{"rendered":"Pr\u00e9voyance"},"content":{"rendered":"\n<div class=\"wp-block-columns is-layout-flex wp-container-core-columns-is-layout-9d6595d7 wp-block-columns-is-layout-flex\">\n<div class=\"wp-block-column is-layout-flow wp-block-column-is-layout-flow\" style=\"flex-basis:33.33%\">\n<figure class=\"wp-block-image size-full offer-page-image\"><img loading=\"lazy\" decoding=\"async\" width=\"720\" height=\"480\" src=\"https:\/\/www.jpfcourtage.com\/wp-content\/uploads\/2022\/06\/iStock-1321566975_Petit.jpg\" alt=\"\" class=\"wp-image-1150\" title=\"Pr\u00e9voyance\" srcset=\"https:\/\/www.jpfcourtage.com\/wp-content\/uploads\/2022\/06\/iStock-1321566975_Petit.jpg 720w, https:\/\/www.jpfcourtage.com\/wp-content\/uploads\/2022\/06\/iStock-1321566975_Petit-300x200.jpg 300w\" sizes=\"auto, (max-width: 720px) 100vw, 720px\" \/><\/figure>\n<\/div>\n\n\n\n<div class=\"wp-block-column is-layout-flow wp-block-column-is-layout-flow\" style=\"flex-basis:66.66%\">\n<p>Pour vous prot\u00e9ger ainsi que vos proches, nous \u00e9laborons avec vous un contrat de pr\u00e9voyance sur mesure.<\/p>\n\n\n\n<p>Nous vous proposons des garanties&nbsp;:<\/p>\n\n\n\n<ul class=\"wp-block-list\"><li><strong>En cas d\u2019arr\u00eat de travail<\/strong>&nbsp;:<\/li><\/ul>\n\n\n\n<p>Le versement d\u2019indemnit\u00e9s journali\u00e8res pour maintenir votre revenu.<\/p>\n\n\n\n<p>Le versement d\u2019indemnit\u00e9s pour couvrir vos charges professionnelles.<\/p>\n\n\n\n<ul class=\"wp-block-list\"><li><strong>En cas d\u2019invalidit\u00e9 partielle ou totale&nbsp;<\/strong>:<\/li><\/ul>\n\n\n\n<p>Le versement d\u2019une rente.<\/p>\n\n\n\n<ul class=\"wp-block-list\"><li><strong>En cas de d\u00e9c\u00e8s<\/strong>&nbsp;:<\/li><\/ul>\n\n\n\n<p>Le versement \u00e0 vos proches d\u2019un capital (ou d\u2019une rente) et d\u2019une rente \u00e9ducation si n\u00e9cessaire.<\/p>\n<\/div>\n<\/div>\n\n\n\n<div class=\"wp-block-cover alignfull offer-page-links\" style=\"min-height:229px;aspect-ratio:unset;\"><span aria-hidden=\"true\" class=\"has-nv-text-dark-bg-background-color has-background-dim-100 wp-block-cover__gradient-background has-background-dim\"><\/span><div class=\"wp-block-cover__inner-container is-layout-flow wp-block-cover-is-layout-flow\">\n<ul class=\"wp-block-list\"><li><a href=\"https:\/\/www.jpfcourtage.com\/?page_id=531\" title=\"Retraite\">Retraite<\/a><\/li><li><a href=\"https:\/\/www.jpfcourtage.com\/?page_id=533\" title=\"Compl\u00e9mentaire sant\u00e9\">Compl\u00e9mentaire sant\u00e9<\/a><\/li><li><a href=\"https:\/\/www.jpfcourtage.com\/?page_id=537\" title=\"Assurance vie\">Assurance vie<\/a><\/li><li><a href=\"https:\/\/www.jpfcourtage.com\/?page_id=535\" title=\"Assurance emprunteur\">Assurance emprunteur<\/a><\/li><\/ul>\n<\/div><\/div>\n\n\n\n<div class=\"wp-block-query is-layout-flow wp-block-query-is-layout-flow\"><ul class=\"is-flex-container columns-3 news-block wp-block-post-template is-layout-flow wp-block-post-template-is-layout-flow\"><li class=\"wp-block-post post-1235 post type-post status-publish format-standard hentry category-non-classe category-prevoyance\">\n<h6 class=\"wp-block-post-title\"><a href=\"https:\/\/www.previssima.fr\/actualite\/pedicures-podologues-vous-avez-jusquau-31-decembre-2023-pour-changer-de-regime-social.html\" target=\"_self\" >P\u00e9dicures-Podologues: vous avez jusqu&rsquo;au 31 d\u00e9cembre pour changer de r\u00e9gime social<\/a><\/h6>\n\n<div class=\"wp-block-post-date\"><time datetime=\"2023-09-21T13:00:26+02:00\">21 septembre 2023<\/time><\/div>\n<\/li><li class=\"wp-block-post post-1189 post type-post status-publish format-standard hentry category-non-classe category-prevoyance\">\n<h6 class=\"wp-block-post-title\"><a href=\"https:\/\/www.previssima.fr\/actualite\/les-professionnels-de-sante-liberaux-peinent-a-percevoir-leurs-nouvelles-indemnites-journalieres-alerte-lunps.html\" target=\"_self\" >Les professionnels de sant\u00e9 lib\u00e9raux peinent \u00e0 percevoir leurs nouvelles indemnit\u00e9s journali\u00e8res, alerte l\u2019UNPS<\/a><\/h6>\n\n<div class=\"wp-block-post-date\"><time datetime=\"2022-06-17T11:39:00+02:00\">17 juin 2022<\/time><\/div>\n<\/li><\/ul><\/div>\n","protected":false},"excerpt":{"rendered":"<p>Pour vous prot\u00e9ger ainsi que vos proches, nous \u00e9laborons avec vous un contrat de pr\u00e9voyance sur mesure. Nous vous proposons des garanties&nbsp;: En cas d\u2019arr\u00eat de travail&nbsp;: Le versement d\u2019indemnit\u00e9s journali\u00e8res pour maintenir votre revenu. Le versement d\u2019indemnit\u00e9s pour couvrir vos charges professionnelles. En cas d\u2019invalidit\u00e9 partielle ou totale&nbsp;: Le versement d\u2019une rente. En cas&hellip;&nbsp;<a href=\"https:\/\/www.jpfcourtage.com\/?page_id=529\" class=\"\" rel=\"bookmark\">Lire la suite &raquo;<span class=\"screen-reader-text\">Pr\u00e9voyance<\/span><\/a><\/p>\n","protected":false},"author":1,"featured_media":0,"parent":0,"menu_order":0,"comment_status":"closed","ping_status":"closed","template":"","meta":{"neve_meta_sidebar":"","neve_meta_container":"","neve_meta_enable_content_width":"","neve_meta_content_width":0,"neve_meta_title_alignment":"","neve_meta_author_avatar":"","neve_post_elements_order":"","neve_meta_disable_header":"","neve_meta_disable_footer":"","neve_meta_disable_title":"","footnotes":"","_links_to":"","_links_to_target":""},"class_list":["post-529","page","type-page","status-publish","hentry"],"aioseo_notices":[],"_links":{"self":[{"href":"https:\/\/www.jpfcourtage.com\/index.php?rest_route=\/wp\/v2\/pages\/529","targetHints":{"allow":["GET"]}}],"collection":[{"href":"https:\/\/www.jpfcourtage.com\/index.php?rest_route=\/wp\/v2\/pages"}],"about":[{"href":"https:\/\/www.jpfcourtage.com\/index.php?rest_route=\/wp\/v2\/types\/page"}],"author":[{"embeddable":true,"href":"https:\/\/www.jpfcourtage.com\/index.php?rest_route=\/wp\/v2\/users\/1"}],"replies":[{"embeddable":true,"href":"https:\/\/www.jpfcourtage.com\/index.php?rest_route=%2Fwp%2Fv2%2Fcomments&post=529"}],"version-history":[{"count":20,"href":"https:\/\/www.jpfcourtage.com\/index.php?rest_route=\/wp\/v2\/pages\/529\/revisions"}],"predecessor-version":[{"id":1199,"href":"https:\/\/www.jpfcourtage.com\/index.php?rest_route=\/wp\/v2\/pages\/529\/revisions\/1199"}],"wp:attachment":[{"href":"https:\/\/www.jpfcourtage.com\/index.php?rest_route=%2Fwp%2Fv2%2Fmedia&parent=529"}],"curies":[{"name":"wp","href":"https:\/\/api.w.org\/{rel}","templated":true}]}}