{"id":46,"date":"2021-02-16T11:44:42","date_gmt":"2021-02-16T11:44:42","guid":{"rendered":"https:\/\/demosites.io\/neve-3\/?page_id=46"},"modified":"2022-06-23T10:01:04","modified_gmt":"2022-06-23T08:01:04","slug":"7b3c2-homepage","status":"publish","type":"page","link":"https:\/\/www.jpfcourtage.com\/","title":{"rendered":"Page d&rsquo;accueil"},"content":{"rendered":"\n<div class=\"wp-block-cover alignfull homepage-image\" style=\"min-height:529px;aspect-ratio:unset;\" id=\"hero\"><span aria-hidden=\"true\" class=\"has-background-dim-0 wp-block-cover__gradient-background has-background-dim has-background-gradient\" style=\"background:linear-gradient(135deg,rgb(10,10,19) 0%,rgb(40,116,252) 100%)\"><\/span><img loading=\"lazy\" decoding=\"async\" width=\"1620\" height=\"1080\" class=\"wp-block-cover__image-background wp-image-1140\" alt=\"\" src=\"https:\/\/www.jpfcourtage.com\/wp-content\/uploads\/2022\/06\/iStock-1320919760_Grand.jpg\" style=\"object-position:50% 32%\" data-object-fit=\"cover\" data-object-position=\"50% 32%\" srcset=\"https:\/\/www.jpfcourtage.com\/wp-content\/uploads\/2022\/06\/iStock-1320919760_Grand.jpg 1620w, https:\/\/www.jpfcourtage.com\/wp-content\/uploads\/2022\/06\/iStock-1320919760_Grand-300x200.jpg 300w, https:\/\/www.jpfcourtage.com\/wp-content\/uploads\/2022\/06\/iStock-1320919760_Grand-1024x683.jpg 1024w, https:\/\/www.jpfcourtage.com\/wp-content\/uploads\/2022\/06\/iStock-1320919760_Grand-768x512.jpg 768w, https:\/\/www.jpfcourtage.com\/wp-content\/uploads\/2022\/06\/iStock-1320919760_Grand-1536x1024.jpg 1536w, https:\/\/www.jpfcourtage.com\/wp-content\/uploads\/2022\/06\/iStock-1320919760_Grand-930x620.jpg 930w\" sizes=\"auto, (max-width: 1620px) 100vw, 1620px\" \/><div class=\"wp-block-cover__inner-container is-layout-flow wp-block-cover-is-layout-flow\">\n<div style=\"height:40px\" aria-hidden=\"true\" class=\"wp-block-spacer\"><\/div>\n\n\n\n<div class=\"wp-block-columns is-layout-flex wp-container-core-columns-is-layout-9d6595d7 wp-block-columns-is-layout-flex\">\n<div class=\"wp-block-column is-layout-flow wp-block-column-is-layout-flow\"><\/div>\n\n\n\n<div class=\"wp-block-column is-layout-flow wp-block-column-is-layout-flow\">\n<h1 class=\"has-text-align-center homepage-title has-nv-text-dark-bg-color has-text-color wp-block-heading\">Des courti\u00e8res qui \u00ab\u00a0assurent\u00a0\u00bb pour votre protection sociale<\/h1>\n<\/div>\n<\/div>\n\n\n\n<div style=\"height:40px\" aria-hidden=\"true\" class=\"wp-block-spacer\"><\/div>\n<\/div><\/div>\n\n\n\n<div style=\"height:40px\" aria-hidden=\"true\" class=\"wp-block-spacer\"><\/div>\n\n\n\n<div class=\"wp-block-columns are-vertically-aligned-top is-layout-flex wp-container-core-columns-is-layout-9d6595d7 wp-block-columns-is-layout-flex\" id=\"offers\">\n<div class=\"wp-block-column is-vertically-aligned-top is-layout-flow wp-block-column-is-layout-flow\">\n<h2 class=\"wp-block-heading\"><strong>Qui sommes-nous ?<\/strong><\/h2>\n\n\n\n<p class=\"has-text-align-left\">Familial et ind\u00e9pendant, notre cabinet est sp\u00e9cialis\u00e9 dans la protection sociale des professions r\u00e9glement\u00e9es&nbsp;: m\u00e9dicaux, param\u00e9dicaux, architectes, avocats\u2026<\/p>\n\n\n\n<p class=\"has-text-align-left\">Nos missions sont multiples.<\/p>\n\n\n\n<p>Par notre connaissance des sp\u00e9cificit\u00e9s de vos m\u00e9tiers, et la diversit\u00e9 de nos partenaires, nous sommes \u00e0 m\u00eame de vous proposer les solutions d\u2019assurance les plus adapt\u00e9es \u00e0 vos besoins.<\/p>\n\n\n\n<p>Nous sommes \u00e0 vos c\u00f4t\u00e9s \u00e0 chaque \u00e9tape de votre vie professionnelle.<\/p>\n\n\n\n<p>En cas de sinistre, nous restons \u00e0 votre disposition pour vous accompagner.&nbsp;<\/p>\n\n\n\n<p>Tisser une relation de confiance dans la dur\u00e9e est notre priorit\u00e9.<\/p>\n<\/div>\n\n\n\n<div class=\"wp-block-column is-vertically-aligned-top is-layout-flow wp-block-column-is-layout-flow\">\n<div class=\"wp-block-columns is-layout-flex wp-container-core-columns-is-layout-9d6595d7 wp-block-columns-is-layout-flex\">\n<div class=\"wp-block-column is-layout-flow wp-block-column-is-layout-flow\">\n<div class=\"wp-block-cover is-light offers-block\" style=\"min-height:213px;aspect-ratio:unset;\"><span aria-hidden=\"true\" class=\"has-background-dim-100 wp-block-cover__gradient-background has-background-dim has-background-gradient\" style=\"background:linear-gradient(144deg,rgb(0,24,119) 7%,rgb(44,56,149) 49%,rgb(106,95,180) 90%)\"><\/span><div class=\"wp-block-cover__inner-container is-layout-flow wp-block-cover-is-layout-flow\">\n<h4 class=\"has-text-align-center offers-block-title has-nv-site-bg-color has-text-color wp-block-heading\">Pr\u00e9voyance<\/h4>\n\n\n\n<div class=\"wp-block-image offers-block-image\"><figure class=\"aligncenter size-thumbnail\"><a href=\"https:\/\/www.jpfcourtage.com\/?page_id=529\"><img loading=\"lazy\" decoding=\"async\" width=\"150\" height=\"150\" src=\"https:\/\/www.jpfcourtage.com\/wp-content\/uploads\/2022\/06\/prevoyance_white-150x150.png\" alt=\"\" class=\"wp-image-826\" srcset=\"https:\/\/www.jpfcourtage.com\/wp-content\/uploads\/2022\/06\/prevoyance_white-150x150.png 150w, https:\/\/www.jpfcourtage.com\/wp-content\/uploads\/2022\/06\/prevoyance_white-300x300.png 300w, https:\/\/www.jpfcourtage.com\/wp-content\/uploads\/2022\/06\/prevoyance_white.png 400w\" sizes=\"auto, (max-width: 150px) 100vw, 150px\" \/><\/a><\/figure><\/div>\n<\/div><\/div>\n\n\n\n<div style=\"height:15px\" aria-hidden=\"true\" class=\"wp-block-spacer\"><\/div>\n\n\n\n<div class=\"wp-block-cover is-light offers-block\" style=\"min-height:213px;aspect-ratio:unset;\"><span aria-hidden=\"true\" class=\"has-background-dim-100 wp-block-cover__gradient-background has-background-dim has-background-gradient\" style=\"background:linear-gradient(135deg,rgb(221,185,37) 5%,rgb(228,204,72) 48%,rgb(241,239,127) 96%)\"><\/span><div class=\"wp-block-cover__inner-container is-layout-flow wp-block-cover-is-layout-flow\">\n<h4 class=\"has-text-align-center offers-block-title has-nv-site-bg-color has-text-color wp-block-heading\">Retraite<\/h4>\n\n\n\n<div class=\"wp-block-image offers-block-image\"><figure class=\"aligncenter size-thumbnail\"><a href=\"https:\/\/www.jpfcourtage.com\/?page_id=531\"><img loading=\"lazy\" decoding=\"async\" width=\"150\" height=\"150\" src=\"https:\/\/www.jpfcourtage.com\/wp-content\/uploads\/2022\/06\/retraite_white-150x150.png\" alt=\"\" class=\"wp-image-825\" srcset=\"https:\/\/www.jpfcourtage.com\/wp-content\/uploads\/2022\/06\/retraite_white-150x150.png 150w, https:\/\/www.jpfcourtage.com\/wp-content\/uploads\/2022\/06\/retraite_white-300x300.png 300w, https:\/\/www.jpfcourtage.com\/wp-content\/uploads\/2022\/06\/retraite_white.png 400w\" sizes=\"auto, (max-width: 150px) 100vw, 150px\" \/><\/a><\/figure><\/div>\n<\/div><\/div>\n\n\n\n<div style=\"height:15px\" aria-hidden=\"true\" class=\"wp-block-spacer\"><\/div>\n\n\n\n<div class=\"wp-block-cover is-light offers-block\" style=\"min-height:213px;aspect-ratio:unset;\"><span aria-hidden=\"true\" class=\"has-background-dim-100 wp-block-cover__gradient-background has-background-dim has-background-gradient\" style=\"background:linear-gradient(135deg,rgb(0,24,119) 2%,rgb(44,56,149) 48%,rgb(106,95,180) 90%)\"><\/span><div class=\"wp-block-cover__inner-container is-layout-flow wp-block-cover-is-layout-flow\">\n<h4 class=\"has-text-align-center offers-block-title has-nv-site-bg-color has-text-color wp-block-heading\">Mutuelle<\/h4>\n\n\n\n<div class=\"wp-block-image offers-block-image\"><figure class=\"aligncenter size-large\"><a href=\"https:\/\/www.jpfcourtage.com\/?page_id=533\"><img decoding=\"async\" src=\"https:\/\/www.jpfcourtage.com\/wp-content\/uploads\/2022\/06\/mutuelle_white-150x150.png\" alt=\"\"\/><\/a><\/figure><\/div>\n<\/div><\/div>\n\n\n\n<div style=\"height:15px\" aria-hidden=\"true\" class=\"wp-block-spacer\"><\/div>\n<\/div>\n\n\n\n<div class=\"wp-block-column is-layout-flow wp-block-column-is-layout-flow\">\n<div class=\"wp-block-cover is-light offers-block\" style=\"min-height:213px;aspect-ratio:unset;\"><span aria-hidden=\"true\" class=\"has-background-dim-100 wp-block-cover__gradient-background has-background-dim has-background-gradient\" style=\"background:linear-gradient(135deg,rgb(221,185,37) 2%,rgb(228,204,72) 49%,rgb(241,239,127) 91%)\"><\/span><div class=\"wp-block-cover__inner-container is-layout-flow wp-block-cover-is-layout-flow\">\n<h4 class=\"has-text-align-center offers-block-title has-nv-site-bg-color has-text-color wp-block-heading\">Assurance emprunteur<\/h4>\n\n\n\n<div class=\"wp-block-image offers-block-image\"><figure class=\"aligncenter size-thumbnail is-resized\"><a href=\"https:\/\/www.jpfcourtage.com\/?page_id=535\"><img loading=\"lazy\" decoding=\"async\" src=\"https:\/\/www.jpfcourtage.com\/wp-content\/uploads\/2022\/06\/emprunteur_white-150x150.png\" alt=\"\" class=\"wp-image-739\" width=\"120\" height=\"120\" srcset=\"https:\/\/www.jpfcourtage.com\/wp-content\/uploads\/2022\/06\/emprunteur_white-150x150.png 150w, https:\/\/www.jpfcourtage.com\/wp-content\/uploads\/2022\/06\/emprunteur_white-300x300.png 300w, https:\/\/www.jpfcourtage.com\/wp-content\/uploads\/2022\/06\/emprunteur_white.png 400w\" sizes=\"auto, (max-width: 120px) 100vw, 120px\" \/><\/a><\/figure><\/div>\n<\/div><\/div>\n\n\n\n<div style=\"height:14px\" aria-hidden=\"true\" class=\"wp-block-spacer\"><\/div>\n\n\n\n<div class=\"wp-block-cover is-light offers-block\" style=\"min-height:213px;aspect-ratio:unset;\"><span aria-hidden=\"true\" class=\"has-background-dim-100 wp-block-cover__gradient-background has-background-dim has-background-gradient\" style=\"background:linear-gradient(135deg,rgb(0,24,119) 9%,rgb(44,56,149) 52%,rgb(106,95,180) 97%)\"><\/span><div class=\"wp-block-cover__inner-container is-layout-flow wp-block-cover-is-layout-flow\">\n<h4 class=\"has-text-align-center offers-block-title has-nv-site-bg-color has-text-color wp-block-heading\">Assurance vie<\/h4>\n\n\n\n<div class=\"wp-block-image offers-block-image\"><figure class=\"aligncenter size-thumbnail\"><a href=\"https:\/\/www.jpfcourtage.com\/?page_id=537\"><img loading=\"lazy\" decoding=\"async\" width=\"150\" height=\"150\" src=\"https:\/\/www.jpfcourtage.com\/wp-content\/uploads\/2022\/06\/assurance_vie_2_white-150x150.png\" alt=\"\" class=\"wp-image-828\" srcset=\"https:\/\/www.jpfcourtage.com\/wp-content\/uploads\/2022\/06\/assurance_vie_2_white-150x150.png 150w, https:\/\/www.jpfcourtage.com\/wp-content\/uploads\/2022\/06\/assurance_vie_2_white-300x300.png 300w, https:\/\/www.jpfcourtage.com\/wp-content\/uploads\/2022\/06\/assurance_vie_2_white.png 400w\" sizes=\"auto, (max-width: 150px) 100vw, 150px\" \/><\/a><\/figure><\/div>\n<\/div><\/div>\n<\/div>\n<\/div>\n<\/div>\n<\/div>\n\n\n\n<div class=\"wp-block-cover alignfull custom-container container-shadow\" style=\"min-height:360px;aspect-ratio:unset;\" id=\"about\"><span aria-hidden=\"true\" class=\"has-neve-link-color-background-color has-background-dim-100 wp-block-cover__gradient-background has-background-dim\"><\/span><div class=\"wp-block-cover__inner-container is-layout-flow wp-block-cover-is-layout-flow\">\n<div style=\"height:30px\" aria-hidden=\"true\" class=\"wp-block-spacer\"><\/div>\n\n\n\n<div class=\"wp-block-columns about-columns has-nv-site-bg-color has-text-color is-layout-flex wp-container-core-columns-is-layout-9d6595d7 wp-block-columns-is-layout-flex\">\n<div class=\"wp-block-column is-layout-flow wp-block-column-is-layout-flow\" style=\"flex-basis:66.66%\">\n<h2 class=\"has-nv-site-bg-color has-text-color wp-block-heading\">Le cabinet<\/h2>\n\n\n\n<p class=\"has-nv-site-bg-color has-text-color\">Apr\u00e8s 33 ans d\u2019exp\u00e9rience au sein de grandes compagnies d\u2019assurance, notre p\u00e8re, Jean-Pierre FROMENT cr\u00e9e en 2003 JPF COURTAGE, un cabinet ind\u00e9pendant, sp\u00e9cialis\u00e9 dans la protection sociale.<\/p>\n\n\n\n<p class=\"has-nv-site-bg-color has-text-color\">Nous avons fait le choix, en 2014, de reprendre le cabinet pour poursuivre l\u2019aventure familiale.<\/p>\n\n\n\n<p class=\"has-nv-site-bg-color has-text-color\"><em>Magali et <em>Ga\u00eblle<\/em> Froment<\/em><\/p>\n<\/div>\n\n\n\n<div class=\"wp-block-column is-layout-flow wp-block-column-is-layout-flow\" style=\"flex-basis:33.33%\">\n<figure class=\"wp-block-image size-large wp-duotone-000000-ffffff-1\"><img loading=\"lazy\" decoding=\"async\" width=\"1024\" height=\"767\" src=\"http:\/\/jpfcourtage.com\/wp-content\/uploads\/2022\/06\/about-1024x767.jpg\" alt=\"\" class=\"wp-image-524\" title=\"Magali et Gaelle Froment\" srcset=\"https:\/\/www.jpfcourtage.com\/wp-content\/uploads\/2022\/06\/about-1024x767.jpg 1024w, https:\/\/www.jpfcourtage.com\/wp-content\/uploads\/2022\/06\/about-300x225.jpg 300w, https:\/\/www.jpfcourtage.com\/wp-content\/uploads\/2022\/06\/about-768x575.jpg 768w, https:\/\/www.jpfcourtage.com\/wp-content\/uploads\/2022\/06\/about-1536x1150.jpg 1536w, https:\/\/www.jpfcourtage.com\/wp-content\/uploads\/2022\/06\/about-2048x1534.jpg 2048w\" sizes=\"auto, (max-width: 1024px) 100vw, 1024px\" \/><figcaption><em>Les twins<\/em><\/figcaption><\/figure>\n<\/div>\n<\/div>\n<\/div><\/div>\n\n\n\n<div style=\"height:30px\" aria-hidden=\"true\" class=\"wp-block-spacer\"><\/div>\n\n\n\n<div class=\"wp-block-columns is-layout-flex wp-container-core-columns-is-layout-9d6595d7 wp-block-columns-is-layout-flex\" id=\"reinsurance\">\n<div class=\"wp-block-column is-layout-flow wp-block-column-is-layout-flow\">\n<div class=\"wp-block-cover shadow-block reinsurance-block\" style=\"min-height:250px;aspect-ratio:unset;\"><span aria-hidden=\"true\" class=\"has-nv-c-2-background-color has-background-dim-100 wp-block-cover__gradient-background has-background-dim\"><\/span><div class=\"wp-block-cover__inner-container is-layout-flow wp-block-cover-is-layout-flow\">\n<h1 class=\"has-text-align-center has-nv-text-dark-bg-color has-text-color wp-block-heading\" style=\"font-size:70px\">1<\/h1>\n\n\n\n<h4 class=\"has-text-align-center wp-block-heading\">INTERLOCUTRICE UNIQUE<\/h4>\n<\/div><\/div>\n\n\n\n<div style=\"height:30px\" aria-hidden=\"true\" class=\"wp-block-spacer\"><\/div>\n<\/div>\n\n\n\n<div class=\"wp-block-column is-layout-flow wp-block-column-is-layout-flow\">\n<div class=\"wp-block-cover shadow-block reinsurance-block\" style=\"min-height:250px;aspect-ratio:unset;\"><span aria-hidden=\"true\" class=\"has-nv-c-2-background-color has-background-dim-100 wp-block-cover__gradient-background has-background-dim\"><\/span><div class=\"wp-block-cover__inner-container is-layout-flow wp-block-cover-is-layout-flow\">\n<h1 class=\"has-text-align-center has-nv-text-dark-bg-color has-text-color wp-block-heading\" style=\"font-size:70px\">1<\/h1>\n\n\n\n<h4 class=\"has-text-align-center wp-block-heading\">R\u00c9PONSE SOUS 24H<\/h4>\n<\/div><\/div>\n\n\n\n<div style=\"height:30px\" aria-hidden=\"true\" class=\"wp-block-spacer\"><\/div>\n<\/div>\n\n\n\n<div class=\"wp-block-column is-layout-flow wp-block-column-is-layout-flow\">\n<div class=\"wp-block-cover shadow-block reinsurance-block\" style=\"min-height:250px;aspect-ratio:unset;\"><span aria-hidden=\"true\" class=\"has-nv-c-2-background-color has-background-dim-100 wp-block-cover__gradient-background has-background-dim\"><\/span><div class=\"wp-block-cover__inner-container is-layout-flow wp-block-cover-is-layout-flow\">\n<h1 class=\"has-text-align-center has-nv-text-dark-bg-color has-text-color wp-block-heading\" style=\"font-size:70px\">1<\/h1>\n\n\n\n<h4 class=\"has-text-align-center wp-block-heading\">SUIVI SUR MESURE<\/h4>\n<\/div><\/div>\n\n\n\n<div style=\"height:30px\" aria-hidden=\"true\" class=\"wp-block-spacer\"><\/div>\n<\/div>\n<\/div>\n\n\n\n<div class=\"wp-block-cover alignfull custom-container container-shadow\" id=\"partners\"><span aria-hidden=\"true\" class=\"has-nv-text-dark-bg-background-color has-background-dim-100 wp-block-cover__gradient-background has-background-dim\"><\/span><div class=\"wp-block-cover__inner-container is-layout-flow wp-block-cover-is-layout-flow\">\n<div style=\"height:20px\" aria-hidden=\"true\" class=\"wp-block-spacer\"><\/div>\n\n\n\n<div class=\"wp-block-group\"><div class=\"wp-block-group__inner-container is-layout-flow wp-block-group-is-layout-flow\">\n<h2 class=\"has-neve-text-color-color has-text-color wp-block-heading\">Nos partenaires<\/h2>\n\n\n<div  ><style id=\"sp_lcp_dynamic_css515\">div#logo-carousel-free-515.logo-carousel-free .sp-lc-logo{border: 1px solid #dddddd;border-radius: 0px;overflow: hidden;}div#logo-carousel-free-515.logo-carousel-free .sp-lc-logo:hover{border-color: #5f5f5d;}#logo-carousel-free-515.sp-lc-container .sp-lc-pagination .swiper-pagination-bullet {background-color: #dddddd;margin: 0 4px;}#logo-carousel-free-515.sp-lc-container .sp-lc-pagination .swiper-pagination-bullet.swiper-pagination-bullet-active{background-color: #62c4db; }#logo-carousel-free-515.sp-lc-container .sp-logo-carousel {padding-top: 46px;}#logo-carousel-free-515.sp-lc-container .sp-lc-button-prev,#logo-carousel-free-515.sp-lc-container .sp-lc-button-next {color: #aaaaaa;background: transparent;border: 1px solid #aaaaaa;line-height: 28px;}#logo-carousel-free-515.sp-lc-container .sp-lc-button-prev:hover,#logo-carousel-free-515.sp-lc-container .sp-lc-button-next:hover{background-color: #62c4db;color: #ffffff;border-color: #62c4db;}@media only screen and (max-width: 576px) {} .logo-carousel-free-area#logo-carousel-free-515{position: relative;}#lcp-preloader-515{position: absolute;left: 0;top: 0;height: 100%;width: 100%;text-align: center;display: flex;align-items: center;justify-content: center;background: #fff;z-index: 9999;} .logo-carousel-free-area#logo-carousel-free-515 .sp-logo-carousel-section-title{margin-bottom: 30px;}#logo-carousel-free-515 .sp-lc-grid-container { justify-content: left; align-items: center; } #logo-carousel-free-515 .swiper-wrapper .swiper-slide { align-self: center; }#logo-carousel-free-515 .sp-lc-grid-container {margin-left: -6px;margin-right: -6px;width: calc( 100% + 12px);}#logo-carousel-free-515 .sp-lc-grid-container [class*=\"lc-col\"] {padding-left: 6px;padding-right: 6px;padding-bottom: 12px;}@media screen and (min-width: 1200px ){.logo-carousel-free-area#logo-carousel-free-515 .sp-logo-carousel:not([class*=\"-initialized\"]) > .swiper-wrapper {display: flex;width: calc( 100% + 12px );}.logo-carousel-free-area#logo-carousel-free-515 .sp-logo-carousel:not([class*=\"-initialized\"]) > .swiper-wrapper > .swiper-slide {width: 20%;padding-right: 12px;}}#logo-carousel-free-515.sp-lc-container .sp-lc-pagination .swiper-pagination-bullet.swiper-pagination-bullet-active { background-color: #62C4DB;}<\/style>\n<div id='logo-carousel-free-515' class=\"logo-carousel-free logo-carousel-free-area sp-lc-container\">\n\t\t\t<div id=\"lcp-preloader-515\" class=\"sp-logo-carousel-preloader\"><img decoding=\"async\" src=\"https:\/\/www.jpfcourtage.com\/wp-content\/plugins\/logo-carousel-free\/admin\/assets\/images\/spinner.svg\" class=\"skip-lazy\" alt=\"Loader Image\"\/><\/div>\n\t\t\t<div id=\"sp-logo-carousel-id-515\" class=\"swiper-container sp-logo-carousel  lcp-preloader\" dir=\"ltr\" data-carousel='{ \"speed\":600,\"spaceBetween\": 12, \"autoplay\": true, \"infinite\":true, \"autoplay_speed\": 3000, \"stop_onHover\": true, \"pagination\": true, \"navigation\": true, \"MobileNav\": true, \"MobilePagi\": true, \"simulateTouch\": true,\"freeMode\": false,\"swipeToSlide\": false, \"carousel_accessibility\": true,\"adaptiveHeight\": false,\"allowTouchMove\": true, \"slidesPerView\": { \"lg_desktop\": 5, \"desktop\": 4, \"tablet\": 3, \"mobile\": 1, \"mobile_landscape\": 2 } }' data-carousel-starts-onscreen=\"false\">\n\t\t<div class=\"swiper-wrapper\">\n\t\t\t\t<div class=\"swiper-slide\"><div class=\"sp-lc-logo\"><img loading=\"lazy\" decoding=\"async\" src=\"https:\/\/www.jpfcourtage.com\/wp-content\/uploads\/2022\/06\/alptis_120x120.png\" title=\"\" alt=\"Alptis\" width=\"120\" height=\"120\" class=\"sp-lc-image\"><\/div><\/div>\n\t\t<div class=\"swiper-slide\"><div class=\"sp-lc-logo\"><img loading=\"lazy\" decoding=\"async\" src=\"https:\/\/www.jpfcourtage.com\/wp-content\/uploads\/2022\/06\/swisslife_120x120.png\" title=\"\" alt=\"SwissLife\" width=\"120\" height=\"120\" class=\"sp-lc-image\"><\/div><\/div>\n\t\t<div class=\"swiper-slide\"><div class=\"sp-lc-logo\"><img loading=\"lazy\" decoding=\"async\" src=\"https:\/\/www.jpfcourtage.com\/wp-content\/uploads\/2022\/06\/generali_120x120.png\" title=\"\" alt=\"Generali\" width=\"120\" height=\"120\" class=\"sp-lc-image\"><\/div><\/div>\n\t\t<div class=\"swiper-slide\"><div class=\"sp-lc-logo\"><img loading=\"lazy\" decoding=\"async\" src=\"https:\/\/www.jpfcourtage.com\/wp-content\/uploads\/2022\/06\/metlife_2022_120x120.jpg\" title=\"\" alt=\"Metlife\" width=\"120\" height=\"120\" class=\"sp-lc-image\"><\/div><\/div>\n\t\t<div class=\"swiper-slide\"><div class=\"sp-lc-logo\"><img loading=\"lazy\" decoding=\"async\" src=\"https:\/\/www.jpfcourtage.com\/wp-content\/uploads\/2022\/06\/gan_120x120.png\" title=\"\" alt=\"Gan eurocourtage\" width=\"120\" height=\"120\" class=\"sp-lc-image\"><\/div><\/div>\n\t\t<div class=\"swiper-slide\"><div class=\"sp-lc-logo\"><img loading=\"lazy\" decoding=\"async\" src=\"https:\/\/www.jpfcourtage.com\/wp-content\/uploads\/2022\/06\/april_120x120.png\" title=\"\" alt=\"April\" width=\"120\" height=\"120\" class=\"sp-lc-image\"><\/div><\/div>\n\t\t<div class=\"swiper-slide\"><div class=\"sp-lc-logo\"><img loading=\"lazy\" decoding=\"async\" src=\"https:\/\/www.jpfcourtage.com\/wp-content\/uploads\/2022\/06\/henner_120x120.png\" title=\"\" alt=\"Henner\" width=\"120\" height=\"120\" class=\"sp-lc-image\"><\/div><\/div>\n\t\t<div class=\"swiper-slide\"><div class=\"sp-lc-logo\"><img loading=\"lazy\" decoding=\"async\" src=\"https:\/\/www.jpfcourtage.com\/wp-content\/uploads\/2022\/06\/unim_120x120.png\" title=\"\" alt=\"Unim\" width=\"120\" height=\"120\" class=\"sp-lc-image\"><\/div><\/div>\n\t\t<div class=\"swiper-slide\"><div class=\"sp-lc-logo\"><img loading=\"lazy\" decoding=\"async\" src=\"https:\/\/www.jpfcourtage.com\/wp-content\/uploads\/2022\/06\/entoria_120x120.png\" title=\"\" alt=\"Entoria\" width=\"120\" height=\"120\" class=\"sp-lc-image\"><\/div><\/div>\n\t\t<div class=\"swiper-slide\"><div class=\"sp-lc-logo\"><img loading=\"lazy\" decoding=\"async\" src=\"https:\/\/www.jpfcourtage.com\/wp-content\/uploads\/2026\/03\/image001.png\" title=\"\" alt=\"abeille ASSURANCES\" width=\"310\" height=\"163\" class=\"sp-lc-image\"><\/div><\/div>\n\t\t<div class=\"swiper-slide\"><div class=\"sp-lc-logo\"><img loading=\"lazy\" decoding=\"async\" src=\"https:\/\/www.jpfcourtage.com\/wp-content\/uploads\/2026\/03\/image003.png\" title=\"\" alt=\"ilona\" width=\"452\" height=\"264\" class=\"sp-lc-image\"><\/div><\/div>\n\t\t\t<\/div>\n\n\t\t\t\t\t<div class=\"sp-lc-pagination swiper-pagination dots\"><\/div>\n\t\t\t\t\t\t<div class=\"sp-lc-button-next\"><i class=\"fa fa-angle-right\"><\/i><\/div>\n\t\t\t<div class=\"sp-lc-button-prev\"><i class=\"fa fa-angle-left\"><\/i><\/div>\n\t\t\t\t<\/div>\n<\/div>\n<\/div><\/div><\/div>\n\n\n\n<p class=\"has-text-align-center has-large-font-size\"><\/p>\n<\/div><\/div>\n\n\n\n<div style=\"height:20px\" aria-hidden=\"true\" class=\"wp-block-spacer\"><\/div>\n\n\n\n<div class=\"wp-block-cover alignfull custom-container\" style=\"min-height:306px;aspect-ratio:unset;\" id=\"contact\"><span aria-hidden=\"true\" class=\"has-nv-site-bg-background-color has-background-dim-100 wp-block-cover__gradient-background has-background-dim\"><\/span><div class=\"wp-block-cover__inner-container is-layout-flow wp-block-cover-is-layout-flow\">\n<div style=\"height:20px\" aria-hidden=\"true\" class=\"wp-block-spacer\"><\/div>\n\n\n\n<h2 class=\"has-text-align-left has-neve-text-color-color has-text-color wp-block-heading\">Nous contacter<\/h2>\n\n\n\n<p class=\"has-neve-text-color-color has-text-color\">Pour une \u00e9tude personnalis\u00e9e, vous pouvez nous contacter par email ou par t\u00e9l\u00e9phone&nbsp;:<\/p>\n\n\n\n<ul class=\"has-neve-text-color-color has-text-color wp-block-list\"><li>Ga\u00eblle FROMENT&nbsp;: <strong><a href=\"tel:+330675370212\" target=\"_blank\" rel=\"noreferrer noopener\">06 75 37 02 12<\/a> &#8211; <a href=\"mailto:gfroment@jpfcourtage.com\" target=\"_blank\" rel=\"noreferrer noopener\">gfroment@jpfcourtage.com<\/a><\/strong><\/li><li>Magali FROMENT&nbsp;:<strong> <a href=\"tel:+330686006529\" target=\"_blank\" rel=\"noreferrer noopener\">06 86 00 65 29<\/a> &#8211; <a href=\"mailto:mfroment@jpfcourtage.com\" target=\"_blank\" rel=\"noreferrer noopener\">mfroment@jpfcourtage.com<\/a><\/strong><\/li><\/ul>\n<\/div><\/div>\n","protected":false},"excerpt":{"rendered":"<p>Qui sommes-nous ? Familial et ind\u00e9pendant, notre cabinet est sp\u00e9cialis\u00e9 dans la protection sociale des professions r\u00e9glement\u00e9es&nbsp;: m\u00e9dicaux, param\u00e9dicaux, architectes, avocats\u2026 Nos missions sont multiples. Par notre connaissance des sp\u00e9cificit\u00e9s de vos m\u00e9tiers, et la diversit\u00e9 de nos partenaires, nous sommes \u00e0 m\u00eame de vous proposer les solutions d\u2019assurance les plus adapt\u00e9es \u00e0 vos besoins.&hellip;&nbsp;<a href=\"https:\/\/www.jpfcourtage.com\/\" class=\"\" rel=\"bookmark\">Lire la suite &raquo;<span class=\"screen-reader-text\">Page d&rsquo;accueil<\/span><\/a><\/p>\n","protected":false},"author":1,"featured_media":0,"parent":0,"menu_order":0,"comment_status":"closed","ping_status":"closed","template":"","meta":{"neve_meta_sidebar":"full-width","neve_meta_container":"contained","neve_meta_enable_content_width":"on","neve_meta_content_width":100,"neve_meta_title_alignment":"","neve_meta_author_avatar":"","neve_post_elements_order":"","neve_meta_disable_header":"","neve_meta_disable_footer":"","neve_meta_disable_title":"on","footnotes":"","_links_to":"","_links_to_target":""},"class_list":["post-46","page","type-page","status-publish","hentry"],"aioseo_notices":[],"_links":{"self":[{"href":"https:\/\/www.jpfcourtage.com\/index.php?rest_route=\/wp\/v2\/pages\/46","targetHints":{"allow":["GET"]}}],"collection":[{"href":"https:\/\/www.jpfcourtage.com\/index.php?rest_route=\/wp\/v2\/pages"}],"about":[{"href":"https:\/\/www.jpfcourtage.com\/index.php?rest_route=\/wp\/v2\/types\/page"}],"author":[{"embeddable":true,"href":"https:\/\/www.jpfcourtage.com\/index.php?rest_route=\/wp\/v2\/users\/1"}],"replies":[{"embeddable":true,"href":"https:\/\/www.jpfcourtage.com\/index.php?rest_route=%2Fwp%2Fv2%2Fcomments&post=46"}],"version-history":[{"count":108,"href":"https:\/\/www.jpfcourtage.com\/index.php?rest_route=\/wp\/v2\/pages\/46\/revisions"}],"predecessor-version":[{"id":1241,"href":"https:\/\/www.jpfcourtage.com\/index.php?rest_route=\/wp\/v2\/pages\/46\/revisions\/1241"}],"wp:attachment":[{"href":"https:\/\/www.jpfcourtage.com\/index.php?rest_route=%2Fwp%2Fv2%2Fmedia&parent=46"}],"curies":[{"name":"wp","href":"https:\/\/api.w.org\/{rel}","templated":true}]}}